{"id":511,"date":"2023-08-04T08:39:35","date_gmt":"2023-08-04T06:39:35","guid":{"rendered":"https:\/\/agrifos.dk\/?page_id=511"},"modified":"2024-01-22T15:53:51","modified_gmt":"2024-01-22T14:53:51","slug":"cookie-og-privatlivspolitik","status":"publish","type":"page","link":"https:\/\/agrifos.dk\/en\/cookie-og-privatlivspolitik\/","title":{"rendered":"Cookie and privacy policy"},"content":{"rendered":"\t\t<div data-elementor-type=\"wp-page\" data-elementor-id=\"511\" class=\"elementor elementor-511\" data-elementor-post-type=\"page\">\n\t\t\t\t\t\t<section class=\"elementor-section elementor-top-section elementor-element elementor-element-a6f8a9e elementor-section-full_width elementor-section-height-min-height slider slider-frontpage elementor-section-height-default elementor-section-items-middle\" data-id=\"a6f8a9e\" data-element_type=\"section\" data-e-type=\"section\" data-settings=\"{&quot;background_background&quot;:&quot;slideshow&quot;,&quot;background_slideshow_gallery&quot;:[{&quot;id&quot;:921,&quot;url&quot;:&quot;https:\\\/\\\/agrifos.dk\\\/wp-content\\\/uploads\\\/2023\\\/12\\\/agrifos16-1.jpg&quot;}],&quot;background_slideshow_transition_duration&quot;:1000,&quot;background_slideshow_ken_burns&quot;:&quot;yes&quot;,&quot;background_slideshow_loop&quot;:&quot;yes&quot;,&quot;background_slideshow_slide_duration&quot;:5000,&quot;background_slideshow_slide_transition&quot;:&quot;fade&quot;,&quot;background_slideshow_ken_burns_zoom_direction&quot;:&quot;in&quot;}\">\n\t\t\t\t\t\t\t<div class=\"elementor-background-overlay\"><\/div>\n\t\t\t\t\t\t\t<div class=\"elementor-container elementor-column-gap-default\">\n\t\t\t\t\t<div class=\"elementor-column elementor-col-100 elementor-top-column elementor-element elementor-element-a616bfe\" data-id=\"a616bfe\" data-element_type=\"column\" data-e-type=\"column\">\n\t\t\t<div class=\"elementor-widget-wrap elementor-element-populated\">\n\t\t\t\t\t\t<section class=\"elementor-section elementor-inner-section elementor-element elementor-element-9b08633 elementor-section-boxed elementor-section-height-default elementor-section-height-default\" data-id=\"9b08633\" data-element_type=\"section\" data-e-type=\"section\">\n\t\t\t\t\t\t<div class=\"elementor-container elementor-column-gap-default\">\n\t\t\t\t\t<div class=\"elementor-column elementor-col-100 elementor-inner-column elementor-element elementor-element-e91b53a\" data-id=\"e91b53a\" data-element_type=\"column\" data-e-type=\"column\">\n\t\t\t<div class=\"elementor-widget-wrap elementor-element-populated\">\n\t\t\t\t\t\t\t<\/div>\n\t\t<\/div>\n\t\t\t\t\t<\/div>\n\t\t<\/section>\n\t\t\t\t\t<\/div>\n\t\t<\/div>\n\t\t\t\t\t<\/div>\n\t\t<\/section>\n\t\t\t\t<section class=\"elementor-section elementor-top-section elementor-element elementor-element-ea5ef6e elementor-section-boxed elementor-section-height-default elementor-section-height-default elementor-invisible\" data-id=\"ea5ef6e\" data-element_type=\"section\" data-e-type=\"section\" data-settings=\"{&quot;animation&quot;:&quot;fadeIn&quot;}\">\n\t\t\t\t\t\t<div class=\"elementor-container elementor-column-gap-default\">\n\t\t\t\t\t<div class=\"elementor-column elementor-col-100 elementor-top-column elementor-element elementor-element-a9f4e53 elementor-invisible\" data-id=\"a9f4e53\" data-element_type=\"column\" data-e-type=\"column\" data-settings=\"{&quot;animation&quot;:&quot;fadeIn&quot;}\">\n\t\t\t<div class=\"elementor-widget-wrap elementor-element-populated\">\n\t\t\t\t\t\t<div class=\"elementor-element elementor-element-adf4f9d elementor-widget__width-initial elementor-widget elementor-widget-text-editor\" data-id=\"adf4f9d\" data-element_type=\"widget\" data-e-type=\"widget\" data-widget_type=\"text-editor.default\">\n\t\t\t\t<div class=\"elementor-widget-container\">\n\t\t\t\t\t\t\t\t\t<h2>Cookie- og privatlivspolitik hos Agrifos I\/S<\/h2><p><b>Introduktion<\/b><\/p><p><span style=\"font-weight: 400;\">P\u00e5 vores hjemmeside anvender vi cookies ligesom alle andre. Det er helt uskadeligt og anonymt idet vi ikke indhenter personlige oplysninger uden forudg\u00e5ende samtykke. Vi anvender cookies til at tilpasse og forbedre din oplevelse ved brug af vores hjemmeside. Her p\u00e5 siden kan du l\u00e6se n\u00e6rmere om hvad cookies er, og hvordan du eventuelt undg\u00e5r det.\u00a0<\/span><\/p><p>\u00a0<\/p><p><b>Cookies<\/b><\/p><p><span style=\"font-weight: 400;\">Hjemmesiden anvender &#8220;cookies&#8221;, der er en lille tekstfil, som gemmes p\u00e5 din computer, mobil el. tilsvarende. Form\u00e5let med disse cookies er at genkende og huske dine indstillinger samt udf\u00f8re brugerstatistik. Cookies kan ikke indeholde skadelig kode som f.eks. virus.<\/span><\/p><p><span style=\"font-weight: 400;\">Det er muligt at slette eller blokere for cookies. Se vejledning: http:\/\/minecookies.org\/cookiehandtering\u00a0<\/span><\/p><p><span style=\"font-weight: 400;\">Al data bliver anonymt indsamlet gennem tredjepartsprogrammet Google Analytics. Disse data deles kun med Google Analytics.<\/span><\/p><p><span style=\"font-weight: 400;\">Hvis du sletter eller blokerer cookies kan du risikere at websitet ikke fungerer optimalt samt at der er indhold, du ikke kan f\u00e5 adgang til.<\/span><\/p><p>\u00a0<\/p><p><b>Personoplysninger<\/b><\/p><p><span style=\"font-weight: 400;\">Generelt<\/span><\/p><p><span style=\"font-weight: 400;\">Personoplysninger er alle slags informationer, der i et eller andet omfang kan henf\u00f8res til dig. N\u00e5r du benytter vores website indsamler og behandler vi en r\u00e6kke s\u00e5danne informationer. Det sker f.eks. ved alm. tilgang af indhold eller ved generel brug af services via websitet.<\/span><\/p><p><span style=\"font-weight: 400;\">Vi indsamler og behandler typisk f\u00f8lgende typer af oplysninger: Et unikt ID og tekniske oplysninger om din computer, tablet eller mobiltelefon, dit IP-nummer, geografisk placering, samt hvilke sider du klikker p\u00e5 (interesser). I det omfang du selv giver eksplicit samtykke hertil og selv indtaster informationerne behandles desuden: Navn, telefonnummer, e-mail og adresse.\u00a0<\/span><\/p><p>\u00a0<\/p><p><span style=\"font-weight: 400;\">Sikkerhed<\/span><\/p><p><span style=\"font-weight: 400;\">Vi behandler dine personoplysninger sikkert og fortroligt i overensstemmelse med g\u00e6ldende lovgivning, herunder persondataforordningen og databeskyttelsesloven.<\/span><\/p><p><span style=\"font-weight: 400;\">Dine oplysninger vil alene blive anvendt til det form\u00e5l, de er indsamlet til, og vil blive slettet, n\u00e5r dette form\u00e5l er opfyldt eller ikke l\u00e6ngere relevant.<\/span><\/p><p>\u00a0<\/p><p><span style=\"font-weight: 400;\">Indsigt og klager<\/span><\/p><p><span style=\"font-weight: 400;\">Du har ret til at f\u00e5 oplyst, hvilke personoplysninger, vi behandler om dig i et almindeligt format (dataportabilitet). Du kan desuden til enhver tid g\u00f8re indsigelse mod, at oplysninger anvendes. Du kan ogs\u00e5 tilbagekalde dit samtykke til, at der bliver behandlet oplysninger om dig. Hvis de oplysninger, der behandles om dig, er forkerte har du ret til at de bliver rettet eller slettet. Henvendelse herom kan ske til: adm@agrifos.dk.\u00a0<\/span><\/p><p><span style=\"font-weight: 400;\">\u00d8nsker du ikke l\u00e6ngere, at vi skal behandle dine personoplysninger, eller at vi skal begr\u00e6nse behandlingen af dine personoplysninger, kan du ogs\u00e5 sende os en anmodning herom til ovenn\u00e6vnte e-mailadresse.<\/span><\/p><p>\u00a0<\/p><p><strong>Udgiver<\/strong><\/p><p><span style=\"font-weight: 400;\">Websitet ejes og publiceres af:<\/span><\/p><p><span style=\"font-weight: 400;\">Agrifos I\/S<\/span><\/p><p><span style=\"font-weight: 400;\">Frederiksdalsvej 30<\/span><\/p><p><span style=\"font-weight: 400;\">4912 Harpelunde<\/span><\/p><p><span style=\"font-weight: 400;\">Telefon: 20785737<\/span><\/p><p><span style=\"font-weight: 400;\">Email: adm@agrifos.dk<\/span><\/p>\t\t\t\t\t\t\t\t<\/div>\n\t\t\t\t<\/div>\n\t\t\t\t\t<\/div>\n\t\t<\/div>\n\t\t\t\t\t<\/div>\n\t\t<\/section>\n\t\t\t\t<\/div>\n\t\t","protected":false},"excerpt":{"rendered":"<p>Cookie- og privatlivspolitik hos Agrifos I\/S Introduktion P\u00e5 vores hjemmeside anvender vi cookies ligesom alle andre. Det er helt uskadeligt og anonymt idet vi ikke indhenter personlige oplysninger uden forudg\u00e5ende samtykke. Vi anvender cookies til at tilpasse og forbedre din oplevelse ved brug af vores hjemmeside. Her p\u00e5 siden kan du l\u00e6se n\u00e6rmere om hvad [&hellip;]<\/p>\n","protected":false},"author":2,"featured_media":0,"parent":0,"menu_order":0,"comment_status":"closed","ping_status":"closed","template":"","meta":{"footnotes":""},"class_list":["post-511","page","type-page","status-publish","hentry"],"_links":{"self":[{"href":"https:\/\/agrifos.dk\/en\/wp-json\/wp\/v2\/pages\/511","targetHints":{"allow":["GET"]}}],"collection":[{"href":"https:\/\/agrifos.dk\/en\/wp-json\/wp\/v2\/pages"}],"about":[{"href":"https:\/\/agrifos.dk\/en\/wp-json\/wp\/v2\/types\/page"}],"author":[{"embeddable":true,"href":"https:\/\/agrifos.dk\/en\/wp-json\/wp\/v2\/users\/2"}],"replies":[{"embeddable":true,"href":"https:\/\/agrifos.dk\/en\/wp-json\/wp\/v2\/comments?post=511"}],"version-history":[{"count":8,"href":"https:\/\/agrifos.dk\/en\/wp-json\/wp\/v2\/pages\/511\/revisions"}],"predecessor-version":[{"id":1119,"href":"https:\/\/agrifos.dk\/en\/wp-json\/wp\/v2\/pages\/511\/revisions\/1119"}],"wp:attachment":[{"href":"https:\/\/agrifos.dk\/en\/wp-json\/wp\/v2\/media?parent=511"}],"curies":[{"name":"wp","href":"https:\/\/api.w.org\/{rel}","templated":true}]}}